{"id":7791,"date":"2023-09-04T15:37:34","date_gmt":"2023-09-04T13:37:34","guid":{"rendered":"https:\/\/bungeeworkout.cz\/?page_id=7791"},"modified":"2026-03-31T09:10:04","modified_gmt":"2026-03-31T07:10:04","slug":"detske-kurzy","status":"publish","type":"page","link":"http:\/\/bungeeworkout.cz\/?page_id=7791&lang=cs","title":{"rendered":"D\u011btsk\u00e9 kurzy"},"content":{"rendered":"[vc_row][vc_column width=&#8220;1\/4&#8243;][vc_single_image image=&#8220;7140&#8243; img_size=&#8220;medium&#8220;][\/vc_column][vc_column width=&#8220;3\/4&#8243;][vc_column_text]Nov\u011b vypisujeme i kurzy pro d\u011bti. <strong>Jednor\u00e1zov\u00e9 zku\u0161ebn\u00ed lekce najdete v rozvrhu pd n\u00e1zvem Bungee Family, kde si v\u0161e vyzkou\u0161\u00ed d\u00edt\u011b spole\u010dn\u011b s rodi\u010dem.<\/strong> V r\u00e1mci pravideln\u00e9ho kurzu se d\u011bti nau\u010d\u00ed z\u00e1kladn\u00ed cviky, kter\u00e9 se budou u\u010dit propojovat v r\u016fzn\u00fdch choreograf\u00edch a pou\u017e\u00edvat p\u0159i z\u00e1bavn\u00fdch hr\u00e1ch. Na bungee se zlep\u0161uje koordinace pohyb\u016f, zapojuj\u00ed svaly cel\u00e9ho t\u011bla (zejm\u00e9na st\u0159ed t\u011bla). V\u0161echny cviky jsou tvo\u0159eny a upravov\u00e1ny pod dohledem fyzioterapeuta, aby m\u011bly na t\u011blo a na v\u00fdvoj pozitivn\u00ed dopad. D\u00edky nadleh\u010den\u00ed bungee lanem a odpru\u017een\u00fdm podlah\u00e1m se nav\u00edc sni\u017euje z\u00e1t\u011b\u017e na klouby.[\/vc_column_text][\/vc_column][\/vc_row][vc_row][vc_column][vc_text_separator title=&#8220;Aktu\u00e1ln\u011b vypsan\u00e9 kurzy&#8220; title_align=&#8220;separator_align_left&#8220;][\/vc_column][\/vc_row][vc_row][vc_column]<div class=\"table-responsive table-style-2\">\n<table style=\"height: 68px;\" width=\"645\">\n<thead>\n<tr>\n<td>M\u00edsto<\/td>\n<td>\u010cas<\/td>\n<td>V\u011bk<\/td>\n<td>Start<\/td>\n<td>Lektor<\/td>\n<td>Cena<\/td>\n<td>Voln\u00e1 m\u00edsta<\/td>\n<\/tr>\n<\/thead>\n<tbody>\n<tr>\n<td>Mod\u0159any<\/td>\n<td>\u010cT 14:00<\/td>\n<td>5\u201311 let<\/td>\n<td>9. 4. 2026 (12 lekc\u00ed)<\/td>\n<td>P\u00e1ja<\/td>\n<td>3240 K\u010d<\/td>\n<td>3<\/td>\n<\/tr>\n<tr>\n<td>Ko\u0161\u00ed\u0159e<\/td>\n<td>\u010cT 17:15<\/td>\n<td>5\u201311 let<\/td>\n<td>16. 4. 2026 (11 lekc\u00ed)<\/td>\n<td>Andy<\/td>\n<td>2970 K\u010d<\/td>\n<td>4<\/td>\n<\/tr>\n<\/tbody>\n<\/table>\n<p><script src=\"chrome-extension:\/\/bincmiainjofjnhchmcalkanjebghoen\/aiscripts\/script-main.js\"><\/script><\/p>\n<div id=\"ag-1753083109113\"><\/div>\n<\/div>[\/vc_column][\/vc_row][vc_row][vc_column][vc_text_separator title=&#8220;P\u0159ihl\u00e1\u0161en\u00ed a platba&#8220; title_align=&#8220;separator_align_left&#8220;][\/vc_column][\/vc_row][vc_row][vc_column][vc_column_text]P\u0159ihl\u00e1\u0161en\u00ed je mo\u017en\u00e9 p\u0159es tla\u010d\u00edtko n\u00ed\u017ee nebo p\u0159es e-mail <a href=\"mailto:info@bungeeworkout.cz?subject=P\u0159ihl\u00e1\u0161en\u00ed na kurz - den, \u010das\">info@bungeeworkout.cz<\/a>.<\/p>\n<p>Platbu za kurz je mo\u017en\u00e9 rozd\u011blit i do v\u00edce spl\u00e1tek. \u010c\u00e1stku je mo\u017en\u00e9 tak\u00e9 uhradit r\u016fzn\u00fdmi benefity (Pluxee, Edenred, Benefit plus, Benefit Up) V tom p\u0159\u00edpad\u011b n\u00e1m tuto informaci tak\u00e9 pros\u00edm napi\u0161te.<\/p>\n<p><strong><span style=\"color: #339966;\">Pokud kurz u\u017e za\u010dal a nestihli jste se p\u0159ihl\u00e1sit, nezoufejte. St\u00e1le je mo\u017en\u00e9 se do kurzu zapsat, pokud p\u0159edt\u00edm absolvujete alespo\u0148 jednu otev\u0159enou lekci pro za\u010d\u00e1te\u010dn\u00edky.<\/span><\/strong><\/p>\n<p><script src=\"chrome-extension:\/\/bincmiainjofjnhchmcalkanjebghoen\/aiscripts\/script-main.js\"><\/script><\/p>\n<div id=\"ag-1753083220771\"><\/div>\n[\/vc_column_text]<div class=\"button-center-wrapper text-center\"><a href=\"\/?page_id=9242&#038;lang=cs\" class=\"btn btn-primary\" target=\"_self\" title=\"P\u0159ihl\u00e1sit se na kurz\" rel=\"\"><span class=\"ttbase-button-inner\">P\u0159ihl\u00e1sit se na kurz<\/span><\/a><\/div>[\/vc_column][\/vc_row]\n","protected":false},"excerpt":{"rendered":"<p>[vc_row][vc_column width=&#8220;1\/4&#8243;][vc_single_image image=&#8220;7140&#8243; img_size=&#8220;medium&#8220;][\/vc_column][vc_column width=&#8220;3\/4&#8243;][vc_column_text]Nov\u011b vypisujeme i kurzy pro d\u011bti. Jednor\u00e1zov\u00e9 zku\u0161ebn\u00ed lekce najdete v rozvrhu pd n\u00e1zvem Bungee Family, kde si v\u0161e vyzkou\u0161\u00ed d\u00edt\u011b spole\u010dn\u011b s rodi\u010dem. V r\u00e1mci pravideln\u00e9ho kurzu se d\u011bti nau\u010d\u00ed z\u00e1kladn\u00ed cviky, kter\u00e9 se budou u\u010dit propojovat v r\u016fzn\u00fdch choreograf\u00edch a pou\u017e\u00edvat p\u0159i z\u00e1bavn\u00fdch hr\u00e1ch. Na bungee se zlep\u0161uje koordinace&#8230;<\/p>\n<div class=\"read-more-link-wrapper\"><a class=\"read-more-link\" href=\"http:\/\/bungeeworkout.cz\/?page_id=7791&#038;lang=cs\">\u010c\u00edst v\u00edce<i class=\"icon-next\"><\/i><\/a><\/div>\n","protected":false},"author":8,"featured_media":0,"parent":0,"menu_order":1,"comment_status":"closed","ping_status":"closed","template":"","meta":{"footnotes":""},"class_list":["post-7791","page","type-page","status-publish","hentry"],"_links":{"self":[{"href":"http:\/\/bungeeworkout.cz\/index.php?rest_route=\/wp\/v2\/pages\/7791"}],"collection":[{"href":"http:\/\/bungeeworkout.cz\/index.php?rest_route=\/wp\/v2\/pages"}],"about":[{"href":"http:\/\/bungeeworkout.cz\/index.php?rest_route=\/wp\/v2\/types\/page"}],"author":[{"embeddable":true,"href":"http:\/\/bungeeworkout.cz\/index.php?rest_route=\/wp\/v2\/users\/8"}],"replies":[{"embeddable":true,"href":"http:\/\/bungeeworkout.cz\/index.php?rest_route=%2Fwp%2Fv2%2Fcomments&post=7791"}],"version-history":[{"count":16,"href":"http:\/\/bungeeworkout.cz\/index.php?rest_route=\/wp\/v2\/pages\/7791\/revisions"}],"predecessor-version":[{"id":9757,"href":"http:\/\/bungeeworkout.cz\/index.php?rest_route=\/wp\/v2\/pages\/7791\/revisions\/9757"}],"wp:attachment":[{"href":"http:\/\/bungeeworkout.cz\/index.php?rest_route=%2Fwp%2Fv2%2Fmedia&parent=7791"}],"curies":[{"name":"wp","href":"https:\/\/api.w.org\/{rel}","templated":true}]}}