{"id":9242,"date":"2025-01-08T13:00:41","date_gmt":"2025-01-08T12:00:41","guid":{"rendered":"https:\/\/bungeeworkout.cz\/?page_id=9242"},"modified":"2025-01-08T13:00:41","modified_gmt":"2025-01-08T12:00:41","slug":"prihlaseni-na-kurz","status":"publish","type":"page","link":"http:\/\/bungeeworkout.cz\/?page_id=9242&lang=cs","title":{"rendered":"P\u0159ihl\u00e1\u0161en\u00ed na kurz"},"content":{"rendered":"[vc_row][vc_column]<div role=\"form\" class=\"wpcf7\" id=\"wpcf7-f9241-o1\" lang=\"cs-CZ\" dir=\"ltr\">\n<div class=\"screen-reader-response\"><p role=\"status\" aria-live=\"polite\" aria-atomic=\"true\"><\/p> <ul><\/ul><\/div>\n<form action=\"\/index.php?rest_route=%2Fwp%2Fv2%2Fpages%2F9242#wpcf7-f9241-o1\" method=\"post\" class=\"wpcf7-form init wpcf7-style-3\" novalidate=\"novalidate\" data-status=\"init\">\n<div style=\"display: none;\">\n<input type=\"hidden\" name=\"_wpcf7\" value=\"9241\" \/>\n<input type=\"hidden\" name=\"_wpcf7_version\" value=\"5.6.4\" \/>\n<input type=\"hidden\" name=\"_wpcf7_locale\" value=\"cs_CZ\" \/>\n<input type=\"hidden\" name=\"_wpcf7_unit_tag\" value=\"wpcf7-f9241-o1\" \/>\n<input type=\"hidden\" name=\"_wpcf7_container_post\" value=\"0\" \/>\n<input type=\"hidden\" name=\"_wpcf7_posted_data_hash\" value=\"\" \/>\n<input type=\"hidden\" name=\"_wpcf7cf_hidden_group_fields\" value=\"[]\" \/>\n<input type=\"hidden\" name=\"_wpcf7cf_hidden_groups\" value=\"[]\" \/>\n<input type=\"hidden\" name=\"_wpcf7cf_visible_groups\" value=\"[]\" \/>\n<input type=\"hidden\" name=\"_wpcf7cf_repeaters\" value=\"[]\" \/>\n<input type=\"hidden\" name=\"_wpcf7cf_steps\" value=\"{}\" \/>\n<input type=\"hidden\" name=\"_wpcf7cf_options\" value=\"{&quot;form_id&quot;:9241,&quot;conditions&quot;:[{&quot;then_field&quot;:&quot;-1&quot;,&quot;and_rules&quot;:[{&quot;if_field&quot;:&quot;-1&quot;,&quot;operator&quot;:&quot;equals&quot;,&quot;if_value&quot;:&quot;&quot;}]}],&quot;settings&quot;:{&quot;animation&quot;:&quot;yes&quot;,&quot;animation_intime&quot;:200,&quot;animation_outtime&quot;:200,&quot;conditions_ui&quot;:&quot;normal&quot;,&quot;notice_dismissed&quot;:false}}\" \/>\n<input type=\"hidden\" name=\"_wpcf7_recaptcha_response\" value=\"\" \/>\n<\/div>\n<p><label> Jm\u00e9no a p\u0159\u00edjmen\u00ed<br \/>\n    <span class=\"wpcf7-form-control-wrap\" data-name=\"your-name\"><input type=\"text\" name=\"your-name\" value=\"\" size=\"40\" class=\"wpcf7-form-control wpcf7-text wpcf7-validates-as-required\" aria-required=\"true\" aria-invalid=\"false\" \/><\/span> <\/label><\/p>\n<p><label> E-mail<br \/>\n    <span class=\"wpcf7-form-control-wrap\" data-name=\"your-email\"><input type=\"email\" name=\"your-email\" value=\"\" size=\"40\" class=\"wpcf7-form-control wpcf7-text wpcf7-email wpcf7-validates-as-required wpcf7-validates-as-email\" aria-required=\"true\" aria-invalid=\"false\" \/><\/span> <\/label><br \/>\n<label> Telefon<br \/>\n  <span class=\"wpcf7-form-control-wrap\" data-name=\"tel-454\"><input type=\"tel\" name=\"tel-454\" value=\"\" size=\"40\" class=\"wpcf7-form-control wpcf7-text wpcf7-tel wpcf7-validates-as-required wpcf7-validates-as-tel\" aria-required=\"true\" aria-invalid=\"false\" \/><\/span> <\/label><\/p>\n<p><label> Kurz, na kter\u00fd se hl\u00e1s\u00ed\u0161 (Nap\u0159. \\\"P\u00e1tek 16:30\\\")<br \/>\n    <span class=\"wpcf7-form-control-wrap\" data-name=\"kurz\"><input type=\"text\" name=\"kurz\" value=\"\" size=\"40\" class=\"wpcf7-form-control wpcf7-text wpcf7-validates-as-required\" aria-required=\"true\" aria-invalid=\"false\" \/><\/span> <\/label><\/p>\n<p><label>Chci k platb\u011b vyu\u017e\u00edt benefity<br \/>\n    <span class=\"wpcf7-form-control-wrap\" data-name=\"benefity\"><span class=\"wpcf7-form-control wpcf7-checkbox\"><span class=\"wpcf7-list-item first last\"><label><input type=\"checkbox\" name=\"benefity[]\" value=\"ANO\" \/><span class=\"wpcf7-list-item-label\">ANO<\/span><\/label><\/span><\/span><\/span> <\/label><\/p>\n<p><label> Pozn\u00e1mka (optional)<br \/>\n<span class=\"wpcf7-form-control-wrap\" data-name=\"poznamka\"><input type=\"text\" name=\"poznamka\" value=\"\" size=\"40\" class=\"wpcf7-form-control wpcf7-text\" aria-invalid=\"false\" \/><\/span> <\/label><\/p>\n<p> <input type=\"submit\" value=\"odeslat\" class=\"wpcf7-form-control has-spinner btn btn-primary style-2\" id=\"odeslat\" \/><\/p>\n<div class=\"wpcf7-response-output\" aria-hidden=\"true\"><\/div><\/form><\/div>[\/vc_column][\/vc_row]\n","protected":false},"excerpt":{"rendered":"<p>[vc_row][vc_column][\/vc_column][\/vc_row]<\/p>\n<div class=\"read-more-link-wrapper\"><a class=\"read-more-link\" href=\"http:\/\/bungeeworkout.cz\/?page_id=9242&#038;lang=cs\">\u010c\u00edst v\u00edce<i class=\"icon-next\"><\/i><\/a><\/div>\n","protected":false},"author":8,"featured_media":0,"parent":0,"menu_order":0,"comment_status":"closed","ping_status":"closed","template":"","meta":{"footnotes":""},"class_list":["post-9242","page","type-page","status-publish","hentry"],"_links":{"self":[{"href":"http:\/\/bungeeworkout.cz\/index.php?rest_route=\/wp\/v2\/pages\/9242"}],"collection":[{"href":"http:\/\/bungeeworkout.cz\/index.php?rest_route=\/wp\/v2\/pages"}],"about":[{"href":"http:\/\/bungeeworkout.cz\/index.php?rest_route=\/wp\/v2\/types\/page"}],"author":[{"embeddable":true,"href":"http:\/\/bungeeworkout.cz\/index.php?rest_route=\/wp\/v2\/users\/8"}],"replies":[{"embeddable":true,"href":"http:\/\/bungeeworkout.cz\/index.php?rest_route=%2Fwp%2Fv2%2Fcomments&post=9242"}],"version-history":[{"count":2,"href":"http:\/\/bungeeworkout.cz\/index.php?rest_route=\/wp\/v2\/pages\/9242\/revisions"}],"predecessor-version":[{"id":9244,"href":"http:\/\/bungeeworkout.cz\/index.php?rest_route=\/wp\/v2\/pages\/9242\/revisions\/9244"}],"wp:attachment":[{"href":"http:\/\/bungeeworkout.cz\/index.php?rest_route=%2Fwp%2Fv2%2Fmedia&parent=9242"}],"curies":[{"name":"wp","href":"https:\/\/api.w.org\/{rel}","templated":true}]}}