{"id":3359,"date":"2018-05-30T19:58:54","date_gmt":"2018-05-30T17:58:54","guid":{"rendered":"https:\/\/gymx-themetwins.c9users.io\/?page_id=6"},"modified":"2025-12-29T23:04:46","modified_gmt":"2025-12-29T22:04:46","slug":"home","status":"publish","type":"page","link":"https:\/\/bungeeworkout.cz\/?lang=cs","title":{"rendered":"Domovsk\u00e1 str\u00e1nka"},"content":{"rendered":"[vc_row equal_height=&#8220;yes&#8220; el_class=&#8220;top-minus-80&#8243;][vc_column offset=&#8220;vc_col-lg-4 vc_col-md-6&#8243;]<div class=\"ttbase-imagebox-wrapper\"><a href=\"\/?page_id=9203&#038;lang=cs\" target=\"_self\" class=\"ttbase-imagebox\"><img loading=\"lazy\" decoding=\"async\" width=\"1000\" height=\"500\" src=\"https:\/\/bungeeworkout.cz\/wp-content\/uploads\/2021\/08\/Veru-a-Honza-1000x500.jpg\" class=\"img-responsive\" alt=\"\" \/><div class=\"ttbase-imagebox-overlay clearfix\" style=\"background-color:rgba(35,42,53,0.4);\"><\/div><div class=\"ttbase-imagebox-image-content\"><h5 class=\"ttbase-imagebox-subtitle \">Pro klienty<\/h5><h3 class=\"ttbase-imagebox-heading \">Typy lekc\u00ed<i class=\"icon-next\"><\/i><\/h3><\/div><\/a><div class=\"ttbase-imagebox-content\">Bungee je opravdu pro ka\u017ed\u00e9ho. Jen je pot\u0159eba si d\u016fkladn\u011b vybrat, jak\u00e1 lekce je vhodn\u00e1 pr\u00e1v\u011b pro v\u00e1s.<\/div><\/div>[vc_empty_space height=&#8220;64px&#8220;][\/vc_column][vc_column offset=&#8220;vc_col-lg-4 vc_col-md-6&#8243;]<div class=\"ttbase-imagebox-wrapper\"><a href=\"\/pronajem-salu\/\" target=\"_self\" class=\"ttbase-imagebox\"><img loading=\"lazy\" decoding=\"async\" width=\"1000\" height=\"500\" src=\"https:\/\/bungeeworkout.cz\/wp-content\/uploads\/2018\/06\/IMG_7646_clipped_rev_1-1000x500.png\" class=\"img-responsive\" alt=\"\" \/><div class=\"ttbase-imagebox-overlay clearfix\" style=\"background-color:rgba(35,42,53,0.2);\"><\/div><div class=\"ttbase-imagebox-image-content\"><h5 class=\"ttbase-imagebox-subtitle \">Dal\u0161\u00ed slu\u017eby<\/h5><h3 class=\"ttbase-imagebox-heading text-transform-capitalize\">pron\u00e1jem s\u00e1l\u016f<i class=\"icon-next\"><\/i><\/h3><\/div><\/a><div class=\"ttbase-imagebox-content\">Pronajm\u011bte si u n\u00e1s s\u00e1l anebo jenom vyu\u017eijte mo\u017enost open space.<div class=\"ttbase-spacer\" style=\"height: 25px;\"><\/div><\/div><\/div>[\/vc_column][vc_column offset=&#8220;vc_col-lg-4 vc_col-md-6&#8243;]<div class=\"ttbase-imagebox-wrapper\"><a href=\"http:\/\/bungeeworkout.cz\/?page_id=7280&#038;lang=cs\" target=\"_self\" class=\"ttbase-imagebox\"><img loading=\"lazy\" decoding=\"async\" width=\"1000\" height=\"500\" src=\"https:\/\/bungeeworkout.cz\/wp-content\/uploads\/2022\/08\/bungee-2-1000x500.jpg\" class=\"img-responsive\" alt=\"\" \/><div class=\"ttbase-imagebox-overlay clearfix\" style=\"background-color:rgba(35,42,53,0.2);\"><\/div><div class=\"ttbase-imagebox-image-content\"><h5 class=\"ttbase-imagebox-subtitle \">\u0161kolen\u00ed<\/h5><h3 class=\"ttbase-imagebox-heading \">lektorsk\u00e9 kurzy<i class=\"icon-next\"><\/i><\/h3><\/div><\/a><div class=\"ttbase-imagebox-content\">\n<p style=\"text-align: left;\">Sta\u0148te se lektorem Bunge Workout. Nejbli\u017e\u0161\u00ed \u0161kolen\u00ed prob\u011bhne na ja\u0159e 2026 p\u0159\u00edmo u n\u00e1s.<\/p>\n<\/div><\/div>[\/vc_column][\/vc_row][vc_row][vc_column width=&#8220;1\/2&#8243;]<h2 class=\"ttbase-heading ttbase-heading-single-line text-align-left \" ><span>O n\u00e1s<\/span><\/h2><p class=\"intro \">Jsme prvn\u00ed a jedin\u00e9 fitness studio v \u010cesk\u00e9 republice s licenc\u00ed na provozov\u00e1n\u00ed Bungee Workout<sup>\u00ae<\/sup>.<\/p>[vc_empty_space][vc_column_text]P\u0159ij\u010fte si vyzkou\u0161et novinku ve fitness, p\u0159i kter\u00e9 se nejen zapot\u00edte a sp\u00e1l\u00edte kalorie, ale tak\u00e9 si trochu zal\u00e9t\u00e1te a hlavn\u011b se POBAV\u00cdTE!<\/p>\n<p>Bungee Workout<sup>\u00ae<\/sup>\u00a0je inspirovan\u00fd cirkusov\u00fdmi technikami kombinovan\u00fdmi s\u00a0fitness a tancem.<\/p>\n<p>P\u0159i Bungee Workoutu<sup>\u00ae<\/sup>\u00a0zapoj\u00edte v\u0161echny svaly t\u011bla a p\u0159edev\u0161\u00edm pos\u00edl\u00edte svalov\u00fd korzet (core). Jedn\u00e1 se o spojen\u00ed kardio tr\u00e9ninku se silov\u00fdm cvi\u010den\u00edm a na\u0161\u00edm c\u00edlem je ud\u011blat cvi\u010den\u00ed Z\u00c1BAVOU.[\/vc_column_text][vc_empty_space]<a href=\"\/?page_id=3490&#038;lang=cs\/#nas-tym\" class=\"btn btn-primary btn-large style-2 \" target=\"_self\" title=\"Na\u0161i tren\u00e9\u0159i\" rel=\"\"><span class=\"ttbase-button-inner\">Na\u0161i tren\u00e9\u0159i<\/span><\/a>[\/vc_column][vc_column width=&#8220;1\/2&#8243;][vc_single_image image=&#8220;4978&#8243; onclick=&#8220;custom_link&#8220; link=&#8220;https:\/\/www.hithit.com\/cs\/project\/7894\/bungee-workout-prosi-o-zachranu&#8220;][vc_single_image image=&#8220;3776&#8243; img_size=&#8220;large&#8220; alignment=&#8220;center&#8220; onclick=&#8220;custom_link&#8220; css=&#8220;.vc_custom_1520591250430{margin-top: -150px !important;margin-right: -150px !important;margin-bottom: 0px !important;margin-left: -150px !important;}&#8220; link=&#8220;http:\/\/bungeeworkout.cz\/cs\/o-nas\/&#8220;][\/vc_column][\/vc_row][vc_row bg_type=&#8220;image&#8220; bg_image=&#8220;3757&#8243; full_width=&#8220;stretch_row&#8220; content_placement=&#8220;middle&#8220; min_height=&#8220;320px&#8220;][vc_column][vc_row_inner][vc_column_inner width=&#8220;1\/2&#8243;][\/vc_column_inner][vc_column_inner width=&#8220;1\/2&#8243;]<h2 class=\"ttbase-heading ttbase-heading-single-line text-align-left \" style=\"color: #697981;\"><span>cvi\u010dit je v\u011bt\u0161\u00ed z\u00e1bava, ne\u017e jste si mysleli<\/span><\/h2>[\/vc_column_inner][\/vc_row_inner][\/vc_column][\/vc_row][vc_row][vc_column css=&#8220;.vc_custom_1484048067044{padding-top: 6% !important;padding-bottom: 6% !important;}&#8220;]<h3 class=\"ttbase-heading ttbase-heading-none text-align-center \" ><span>Darujte sv\u00fdm bl\u00edzk\u00fdm jedine\u010dn\u00fd z\u00e1\u017eitek! Kupte d\u00e1rkov\u00fd poukaz v hodnot\u011b jednoho, p\u011bti nebo deseti vstup\u016f, vytvo\u0159te vlastn\u00ed bal\u00ed\u010dek ze v\u0161ech mo\u017en\u00fdch lekc\u00ed nebo nabijte poukaz jakoukoliv \u010d\u00e1stkou. V\u00edce informac\u00ed na str\u00e1nce cen\u00edk.<\/span><\/h3>[vc_empty_space]<div class=\"button-center-wrapper text-center\"><a href=\"\/?page_id=5899&#038;lang=cs\" class=\"btn btn-primary btn-large style-2\" target=\"_self\" title=\"Koupit d\u00e1rkov\u00fd poukaz\" rel=\"\"><span class=\"ttbase-button-inner\">Koupit d\u00e1rkov\u00fd poukaz<\/span><\/a><\/div>[vc_empty_space]<h2 class=\"ttbase-heading ttbase-heading-single-line text-align-center \" ><span>Cen\u00edk<\/span><\/h2>[vc_empty_space][vc_row_inner][vc_column_inner width=&#8220;1\/3&#8243;]\n\t\t\t<div class=\"ttbase-pricing-table text-center basic\">\n\t\t        <h4>JEDNOR\u00c1ZOV\u00c9 LEKCE<\/h4>\n\t\t        <span class=\"price\" style=\"color:#232a35;\">od 350 K\u010d<\/span>\n\t\t        <p class=\"lead\"><\/p>\n\t\t        <a class=\"btn btn-primary style-2\" href=\"\/?page_id=2776&#038;lang=cs\/#skupinove-cviceni\">Cen\u00edk lekc\u00ed<\/a>\n\t\t        <ul>\n<li>R\u016fzn\u00e9 druhy cvi\u010den\u00ed<\/li>\n<li>Trv\u00e1n\u00ed lekc\u00ed 60 minut<\/li>\n<li>Nez\u00e1vazn\u00e1 n\u00e1v\u0161t\u011bva s mo\u017enost\u00ed dokoupit permanentku \u010di se zapsat do pravideln\u00e9ho kurzu<\/li>\n<\/ul>\n\n\t\t    <\/div>\n\t    [\/vc_column_inner][vc_column_inner width=&#8220;1\/3&#8243;]\n\t\t\t<div class=\"ttbase-pricing-table text-center basic\">\n\t\t        <h4>Permanentky<\/h4>\n\t\t        <span class=\"price\" style=\"color:#232a35;\">od 290 K\u010d<\/span>\n\t\t        <p class=\"lead\"><\/p>\n\t\t        <a class=\"btn btn-primary style-2\" href=\"\/?page_id=2776&#038;lang=cs\/#permanentky\">Cen\u00edk permanentek<\/a>\n\t\t        <p>Va\u0161e obl\u00edben\u00e9 lekce se slevou<\/p>\n<p>Na 5 \u010di 10 vstup\u016f<\/p>\n<p>Frekvenci n\u00e1v\u0161t\u011bv si st\u00e1le vol\u00edte dle vlastn\u00edch \u010dasov\u00fdch mo\u017enost\u00ed<\/p>\n<p>V\u00fd\u0161e uveden\u00e1 cena je za 1 lekci<\/p>\n\n\t\t    <\/div>\n\t    [\/vc_column_inner][vc_column_inner width=&#8220;1\/3&#8243;]\n\t\t\t<div class=\"ttbase-pricing-table text-center basic\">\n\t\t        <h4>UZAV\u0158EN\u00c9 KURZY<\/h4>\n\t\t        <span class=\"price\" style=\"color:#232a35;\">od 300 K\u010d<\/span>\n\t\t        <p class=\"lead\"><\/p>\n\t\t        <a class=\"btn btn-primary style-2\" href=\"\/?page_id=2776&#038;lang=cs\/#voucher\">Cen\u00edk kurz\u016f<\/a>\n\t\t        <ul>\n<li>Stejn\u00e1 parta lid\u00ed se stejn\u00fdm lektorem<\/li>\n<li>M\u00e9n\u011b lid\u00ed na lekci = v\u00edce prostoru pro n\u00e1ro\u010dn\u011bj\u0161\u00ed cviky<\/li>\n<li>V\u00fd\u0161e uveden\u00e1 cena je za 1 lekci<\/li>\n<\/ul>\n\n\t\t    <\/div>\n\t    [\/vc_column_inner][\/vc_row_inner][\/vc_column][\/vc_row][vc_row bg_type=&#8220;image&#8220; bg_image=&#8220;3759&#8243; full_width=&#8220;stretch_row&#8220; content_placement=&#8220;middle&#8220; min_height=&#8220;660px&#8220;][vc_column][vc_row_inner][vc_column_inner width=&#8220;1\/2&#8243; css=&#8220;.vc_custom_1520328740195{margin-top: -200px !important;padding-top: 0px !important;padding-right: 0px !important;padding-bottom: 0px !important;padding-left: 0px !important;}&#8220;]<h2 class=\"ttbase-heading ttbase-heading-single-line text-align-left \" style=\"color: #f6f6f8;\"><span>Bav se a za\u017eij lehkost pohybu<\/span><\/h2>[\/vc_column_inner][vc_column_inner width=&#8220;1\/2&#8243;][\/vc_column_inner][\/vc_row_inner][\/vc_column][\/vc_row][vc_row][vc_column css=&#8220;.vc_custom_1484049554207{padding-top: 6% !important;padding-bottom: 6% !important;}&#8220;]<h2 class=\"ttbase-heading ttbase-heading-single-line text-align-center \" ><span>Pro koho je cvi\u010den\u00ed ur\u010den\u00e9<\/span><\/h2><h5 class=\"ttbase-heading ttbase-heading-none text-align-center \" ><span>Bungee workout je t\u00e9m\u011b\u0159 pro ka\u017ed\u00e9ho!<\/span><\/h5><p class=\"intro text-center\">Ka\u017ed\u00fd, kdo si chce zacvi\u010dit, pobavit se, zal\u00e9tat si nebo vyzkou\u0161et nov\u00fd zp\u016fsob posilov\u00e1n\u00ed, je u n\u00e1s v\u00edtan\u00fd.<\/p>[vc_empty_space][vc_column_text]\n<p style=\"text-align: center;\">V\u011bk nehraje roli. Jen si sta\u010d\u00ed vybrat obt\u00ed\u017enost lekce. Lekce Bungee Workout je pom\u011brn\u011b n\u00e1ro\u010dn\u00e1. Pokud si nejste jisti svou kondi\u010dkou, p\u0159\u00edpadn\u011b m\u00e1te vy\u0161\u0161\u00ed v\u011bk \u010di v\u00e1hu, zvolte Bungee Easy. D\u00edky z\u00e1v\u011bsn\u00e9mu syst\u00e9mu a odpru\u017een\u00e9\u00a0 podlaze je cvi\u010den\u00ed vhodn\u00e9 i pro lidi s probl\u00e9my nap\u0159\u00edklad s bedern\u00ed p\u00e1te\u0159\u00ed \u010di kolenn\u00edmi klouby, kter\u00e9 je jinak omezuj\u00ed v b\u011b\u017en\u00fdch sportovn\u00edch aktivit\u00e1ch. Ti si jen mus\u00ed zvolit lekci Bungee Rehab.<\/p>\n[\/vc_column_text][vc_empty_space][\/vc_column][\/vc_row][vc_row bg_type=&#8220;color&#8220; full_width=&#8220;stretch_row&#8220; el_class=&#8220;block-color-brand-primary&#8220;][vc_column css=&#8220;.vc_custom_1484142213739{padding-top: 6% !important;padding-bottom: 6% !important;}&#8220;]<h2 class=\"ttbase-heading ttbase-heading-single-line text-align-center \" style=\"margin-bottom: 40px;\"><span>Hlavn\u00ed v\u00fdhody Bungee Workoutu<\/span><\/h2>[vc_empty_space height=&#8220;60px&#8220;][vc_row_inner equal_height=&#8220;yes&#8220; el_class=&#8220;block-color-brand-primary&#8220;][vc_column_inner width=&#8220;1\/3&#8243;]            <div class=\"ttbase-icon-box clearfix ttbase-icon-box-two align-center\">\n                        <div class=\"ttbase-icon-box-two-icon ttbase-icon-box-icon\"  style=\"font-size:60px;\">\n                                            <span class=\"im im-Betvibes\"><\/span>\n                                    <\/div>\n                            <h5 class=\"ttbase-icon-box-two-heading \">\n                    \u0160et\u0159ete klouby a kosti                <\/h5>\n                            <div class=\"ttbase-icon-box-two-content clearfix\">\n                    <p style=\"text-align: center;\">D\u00edky z\u00e1v\u011bsn\u00e9mu syst\u00e9mu a odpru\u017een\u00e9 podlaze \u0161et\u0159\u00edte klouby a cvi\u010dit tedy mohou i lid\u00e9, kte\u0159\u00ed maj\u00ed v jin\u00fdch sportech omezen\u00ed, p\u0159edev\u0161\u00edm z d\u016fvodu bolest\u00ed kolen a bedern\u00ed p\u00e1te\u0159e.<\/p>\n                <\/div>\n                                    <\/div>\n        \n        [\/vc_column_inner][vc_column_inner width=&#8220;1\/3&#8243;]            <div class=\"ttbase-icon-box clearfix ttbase-icon-box-two align-center\">\n                        <div class=\"ttbase-icon-box-two-icon ttbase-icon-box-icon\"  style=\"font-size:60px;\">\n                                            <span class=\"im im-Bodybuilding\"><\/span>\n                                    <\/div>\n                            <h5 class=\"ttbase-icon-box-two-heading \">\n                    Cvi\u010dte a posilujte efektivn\u011b                <\/h5>\n                            <div class=\"ttbase-icon-box-two-content clearfix\">\n                    <p style=\"text-align: center;\">Proto\u017ee po celou dobu cvi\u010den\u00ed pracujete proti odporu pru\u017en\u00e9ho lana, kter\u00e9 je p\u0159ipevn\u011bn\u00e9 kolem bok\u016f, sp\u00e1l\u00edte mnohem v\u00edce kalori\u00ed ne\u017e p\u0159i jin\u00fdch sportovn\u00edch aktivit\u00e1ch a z\u00e1rove\u0148 po celou dobu zpev\u0148ujete sv\u016fj st\u0159ed t\u011bla (core).<\/p>\n                <\/div>\n                                    <\/div>\n        \n        [\/vc_column_inner][vc_column_inner width=&#8220;1\/3&#8243;]            <div class=\"ttbase-icon-box clearfix ttbase-icon-box-two align-center\">\n                        <div class=\"ttbase-icon-box-two-icon ttbase-icon-box-icon\"  style=\"font-size:60px;\">\n                                            <span class=\"im im-Music-Note4\"><\/span>\n                                    <\/div>\n                            <h5 class=\"ttbase-icon-box-two-heading \">\n                    Bavte se a p\u0159ekonejte sv\u00e9 limity                <\/h5>\n                            <div class=\"ttbase-icon-box-two-content clearfix\">\n                    <p style=\"text-align: center;\">P\u0159i cvi\u010den\u00ed se dostanete do vzduchu a vyzkou\u0161\u00edte si ty nejjednodu\u0161\u0161\u00ed akrobatick\u00e9 cviky. D\u00edky spojen\u00ed s dynamickou hudbou je cvi\u010den\u00ed s n\u00e1mi z\u00e1bava!<\/p>\n                <\/div>\n                                    <\/div>\n        \n        [\/vc_column_inner][\/vc_row_inner][\/vc_column][\/vc_row][vc_row][vc_column css=&#8220;.vc_custom_1484142724950{padding-top: 6% !important;padding-bottom: 6% !important;}&#8220;]<h2 class=\"ttbase-heading ttbase-heading-single-line text-align-center \" ><span>Novinky<\/span><\/h2>[vc_empty_space height=&#8220;60px&#8220;][\/vc_column][\/vc_row][vc_row equal_height=&#8220;yes&#8220;][vc_column]<div class=\"ttbase-latest-blog\"><div class=\"blog-carousel owl-carousel owl-theme\"><div class=\"blog-item\" style=\"background-color:#ffffff;border-color:#232a35\"><a href=\"https:\/\/bungeeworkout.cz\/?p=9640&#038;lang=cs\" title=\"Od dubna startuj\u00ed kurzy na t\u0159ech m\u00edstech v Praze\" class=\"blog-pic color\"><img decoding=\"async\" src=\"https:\/\/bungeeworkout.cz\/wp-content\/uploads\/2026\/03\/IMG_8822-scaled-1000x563.jpg\" alt=\"\" \/><span class=\"blog-overlay\"><\/span><i class=\"icon-plus\"><\/i><\/a><div class=\"blog-item-description\">\n\t\t  \t\t\t\t\t<span class=\"post-date\">6. 3. 2026<\/span>\n\t\t\t\t\t\t\t<h5><a href=\"https:\/\/bungeeworkout.cz\/?p=9640&#038;lang=cs\" title=\"Od dubna startuj\u00ed kurzy na t\u0159ech m\u00edstech v Praze\">Od dubna startuj\u00ed kurzy na t\u0159ech m\u00edstech v Praze<\/a><\/h5>\n\t\t\t\t\t  \t\t<div><p>P\u0159idejte se k n\u00e1m! Od dubna startuj\u00ed nov\u00e9 kurzy Bungee Workoutu v Praze, a to hned na t\u0159ech m\u00edstech \u2013\u2060\u2060\u2060\u2060\u2060\u2060...<div class=\"read-more-link-wrapper\"><a class=\"read-more-link\" href=\"https:\/\/bungeeworkout.cz\/?p=9640&amp;lang=cs\">\u010c\u00edst v\u00edce<i class=\"icon-next\"><\/i><\/a><\/div><\/div>\n\t\t\t\t  \t\t<\/div><\/div><div class=\"blog-item\" style=\"background-color:#ffffff;border-color:#232a35\"><a href=\"https:\/\/bungeeworkout.cz\/?p=9611&#038;lang=cs\" title=\"Sh\u00e1n\u00edme posily pro veden\u00ed lekc\u00ed Bungee Family a Kids\" class=\"blog-pic color\"><img decoding=\"async\" src=\"https:\/\/bungeeworkout.cz\/wp-content\/uploads\/2019\/01\/untitled-07562-1-scaled-1000x563.jpg\" alt=\"\" \/><span class=\"blog-overlay\"><\/span><i class=\"icon-plus\"><\/i><\/a><div class=\"blog-item-description\">\n\t\t  \t\t\t\t\t<span class=\"post-date\">24. 2. 2026<\/span>\n\t\t\t\t\t\t\t<h5><a href=\"https:\/\/bungeeworkout.cz\/?p=9611&#038;lang=cs\" title=\"Sh\u00e1n\u00edme posily pro veden\u00ed lekc\u00ed Bungee Family a Kids\">Sh\u00e1n\u00edme posily pro veden\u00ed lekc\u00ed Bungee Family a Kids<\/a><\/h5>\n\t\t\t\t\t  \t\t<div><p>Sh\u00e1n\u00edme posily pra\u017esk\u00e9ho lektorsk\u00e9ho t\u00fdmu pro veden\u00ed lekc\u00ed Bungee Family a Bungee Kids! M\u00e1\u0161 r\u00e1d\/a sport, pohyb a hry? R\u00e1d\/a...<div class=\"read-more-link-wrapper\"><a class=\"read-more-link\" href=\"https:\/\/bungeeworkout.cz\/?p=9611&amp;lang=cs\">\u010c\u00edst v\u00edce<i class=\"icon-next\"><\/i><\/a><\/div><\/div>\n\t\t\t\t  \t\t<\/div><\/div><div class=\"blog-item\" style=\"background-color:#ffffff;border-color:#232a35\"><a href=\"https:\/\/bungeeworkout.cz\/?p=9596&#038;lang=cs\" title=\"Pra\u017esk\u00e9 kurzy nov\u011b na Karlov\u011b n\u00e1m\u011bst\u00ed\" class=\"blog-pic color\"><img decoding=\"async\" src=\"https:\/\/bungeeworkout.cz\/wp-content\/uploads\/2026\/02\/IMG_7883-scaled-1000x563.jpg\" alt=\"\" \/><span class=\"blog-overlay\"><\/span><i class=\"icon-plus\"><\/i><\/a><div class=\"blog-item-description\">\n\t\t  \t\t\t\t\t<span class=\"post-date\">16. 2. 2026<\/span>\n\t\t\t\t\t\t\t<h5><a href=\"https:\/\/bungeeworkout.cz\/?p=9596&#038;lang=cs\" title=\"Pra\u017esk\u00e9 kurzy nov\u011b na Karlov\u011b n\u00e1m\u011bst\u00ed\">Pra\u017esk\u00e9 kurzy nov\u011b na Karlov\u011b n\u00e1m\u011bst\u00ed<\/a><\/h5>\n\t\t\t\t\t  \t\t<div><p>Bungee Workout nov\u011b v centru Prahy! Uzav\u0159en\u00e9 kurzy, kter\u00e9 nyn\u00ed prob\u00edhaj\u00ed v Ko\u0161\u00ed\u0159\u00edch (Naskov\u00e9 3), se od dubna p\u0159esouvaj\u00ed na...<div class=\"read-more-link-wrapper\"><a class=\"read-more-link\" href=\"https:\/\/bungeeworkout.cz\/?p=9596&amp;lang=cs\">\u010c\u00edst v\u00edce<i class=\"icon-next\"><\/i><\/a><\/div><\/div>\n\t\t\t\t  \t\t<\/div><\/div><\/div><\/div><div class=\"clearfix\"><\/div>[\/vc_column][\/vc_row][vc_row][vc_column][\/vc_column][\/vc_row]\n","protected":false},"excerpt":{"rendered":"<p>[vc_row equal_height=&#8220;yes&#8220; el_class=&#8220;top-minus-80&#8243;][vc_column offset=&#8220;vc_col-lg-4 vc_col-md-6&#8243;][vc_empty_space height=&#8220;64px&#8220;][\/vc_column][vc_column offset=&#8220;vc_col-lg-4 vc_col-md-6&#8243;][\/vc_column][vc_column offset=&#8220;vc_col-lg-4 vc_col-md-6&#8243;][\/vc_column][\/vc_row][vc_row][vc_column width=&#8220;1\/2&#8243;][vc_empty_space][vc_column_text]P\u0159ij\u010fte si vyzkou\u0161et novinku ve fitness, p\u0159i kter\u00e9 se nejen zapot\u00edte a sp\u00e1l\u00edte kalorie, ale tak\u00e9 si trochu zal\u00e9t\u00e1te a hlavn\u011b se POBAV\u00cdTE! Bungee Workout\u00ae\u00a0je inspirovan\u00fd cirkusov\u00fdmi technikami kombinovan\u00fdmi s\u00a0fitness a tancem. P\u0159i Bungee Workoutu\u00ae\u00a0zapoj\u00edte v\u0161echny svaly t\u011bla a p\u0159edev\u0161\u00edm pos\u00edl\u00edte svalov\u00fd korzet (core). Jedn\u00e1&#8230;<\/p>\n<div class=\"read-more-link-wrapper\"><a class=\"read-more-link\" href=\"https:\/\/bungeeworkout.cz\/?p=9596&#038;lang=cs\">\u010c\u00edst v\u00edce<i class=\"icon-next\"><\/i><\/a><\/div>\n","protected":false},"author":1,"featured_media":0,"parent":0,"menu_order":19,"comment_status":"closed","ping_status":"closed","template":"","meta":{"footnotes":""},"class_list":["post-3359","page","type-page","status-publish","hentry"],"_links":{"self":[{"href":"https:\/\/bungeeworkout.cz\/index.php?rest_route=\/wp\/v2\/pages\/3359"}],"collection":[{"href":"https:\/\/bungeeworkout.cz\/index.php?rest_route=\/wp\/v2\/pages"}],"about":[{"href":"https:\/\/bungeeworkout.cz\/index.php?rest_route=\/wp\/v2\/types\/page"}],"author":[{"embeddable":true,"href":"https:\/\/bungeeworkout.cz\/index.php?rest_route=\/wp\/v2\/users\/1"}],"replies":[{"embeddable":true,"href":"https:\/\/bungeeworkout.cz\/index.php?rest_route=%2Fwp%2Fv2%2Fcomments&post=3359"}],"version-history":[{"count":137,"href":"https:\/\/bungeeworkout.cz\/index.php?rest_route=\/wp\/v2\/pages\/3359\/revisions"}],"predecessor-version":[{"id":9478,"href":"https:\/\/bungeeworkout.cz\/index.php?rest_route=\/wp\/v2\/pages\/3359\/revisions\/9478"}],"wp:attachment":[{"href":"https:\/\/bungeeworkout.cz\/index.php?rest_route=%2Fwp%2Fv2%2Fmedia&parent=3359"}],"curies":[{"name":"wp","href":"https:\/\/api.w.org\/{rel}","templated":true}]}}