{"id":7831,"date":"2023-09-11T13:55:02","date_gmt":"2023-09-11T11:55:02","guid":{"rendered":"https:\/\/bungeeworkout.cz\/?page_id=7831"},"modified":"2026-04-13T15:31:52","modified_gmt":"2026-04-13T13:31:52","slug":"kurzy-pro-dospele","status":"publish","type":"page","link":"https:\/\/bungeeworkout.cz\/?page_id=7831&lang=cs","title":{"rendered":"Kurzy pro dosp\u011bl\u00e9 &#8211; Praha"},"content":{"rendered":"[vc_row][vc_column width=&#8220;1\/4&#8243;][vc_single_image image=&#8220;5849&#8243; img_size=&#8220;medium&#8220;][\/vc_column][vc_column width=&#8220;3\/4&#8243;][vc_column_text]Pokud t\u011b Bungee bav\u00ed tolik, \u017ee bys cht\u011bl\/a cvi\u010dit pravideln\u011b a st\u00e1le se u\u010dit nov\u00e9 a nov\u00e9 cviky, rozhodn\u011b se zapi\u0161 do n\u011bkter\u00e9ho z na\u0161ich uzav\u0159en\u00fdch kurz\u016f. Na rozd\u00edl od otev\u0159en\u00fdch lekc\u00ed, na kter\u00fdch se st\u00e1le dokola u\u010d\u00ed \u00fapln\u00e9 z\u00e1klady, na sebe lekce kurzu navazuj\u00ed. Ka\u017ed\u00fd t\u00fdden prob\u00edh\u00e1 lekce se stejn\u00fdm lektorem, ve stejn\u00e9 skupince lid\u00ed.<\/p>\n<p>Pokud se boj\u00ed\u0161, \u017ee bys n\u011bkter\u00fd t\u00fdden lekci nezvl\u00e1dl\/a, nemus\u00ed\u0161, lekci si m\u016f\u017ee\u0161 nahradit v kurzu stejn\u00e9 \u00farovn\u011b, nebo na n\u011bkter\u00e9 z otev\u0159en\u00fdch lekc\u00ed.<\/p>\n<p><strong>Zku\u0161ebn\u00ed jednor\u00e1zov\u00e9 lekce najde\u0161 v na\u0161em rozvrhu, kde se na n\u011b rovnou p\u0159ihl\u00e1s\u00ed\u0161!<\/strong>[\/vc_column_text][\/vc_column][\/vc_row][vc_row][vc_column][vc_text_separator title=&#8220;Aktu\u00e1ln\u011b vypsan\u00e9 kurzy  &#8211; od dubna 2026&#8243; title_align=&#8220;separator_align_left&#8220;][\/vc_column][\/vc_row][vc_row][vc_column]<h3 class=\"ttbase-heading ttbase-heading-none text-align-left \" ><span>Za\u010d\u00e1te\u010dn\u00edci<\/span><\/h3>[vc_tta_accordion c_icon=&#8220;triangle&#8220; active_section=&#8220;1546546&#8243; collapsible_all=&#8220;true&#8220;][vc_tta_section title=&#8220;pond\u011bl\u00ed 19:15 s Honzou\/Andy (Bungee workout) &#8211; Karlovo n\u00e1m\u011bst\u00ed&#8220; tab_id=&#8220;1753082562897-b7a1d26a-e756&#8243;][vc_column_text]Start: 13. 4. 2026<\/p>\n<p>Po\u010det lekc\u00ed: 12<\/p>\n<p>Cena: 3840 K\u010d<\/p>\n<p>Voln\u00fdch m\u00edst: 2[vc_row][vc_column width=&#8220;1\/1&#8243;][vc_column_text]\n<p>&nbsp;<\/p>\n<p>&nbsp;<\/p>\n<p><script src=\"chrome-extension:\/\/bincmiainjofjnhchmcalkanjebghoen\/aiscripts\/script-main.js\"><\/script>[\/vc_column_text][\/vc_tta_section][vc_tta_section title=&#8220;\u00fater\u00fd 19:00 s Terkou\/Mon\u010dou (bungee workout) &#8211; Karlovo n\u00e1m\u011bst\u00ed&#8220; tab_id=&#8220;1770121198417-e1f1a258-7c30&#8243;][vc_column_text]Start: 7. 4. 2026<\/p>\n<p>Po\u010det lekc\u00ed: 13<\/p>\n<p>Cena: 4160 K\u010d<\/p>\n<p>Voln\u00fdch m\u00edst: 1[vc_row][vc_column width=&#8220;1\/1&#8243;][vc_column_text]\n<p>&nbsp;<\/p>\n<p>&nbsp;<\/p>\n<p><script src=\"chrome-extension:\/\/bincmiainjofjnhchmcalkanjebghoen\/aiscripts\/script-main.js\"><\/script><\/p>\n<p>&nbsp;[\/vc_column_text][\/vc_tta_section][vc_tta_section title=&#8220;\u010cTVRTEK 16:15 s Libu\u0161kou (Bungee Easy) &#8211; Ko\u0161\u00ed\u0159e&#8220; tab_id=&#8220;1770121326103-b62d9e37-cb83&#8243;][vc_column_text]Start: 2. 4. 2026<\/p>\n<p>Po\u010det lekc\u00ed: 13<\/p>\n<p>Cena: 4160 K\u010d<\/p>\n<p>Voln\u00fdch m\u00edst: 3[vc_row][vc_column width=&#8220;1\/1&#8243;][vc_column_text]\n<p>&nbsp;<\/p>\n<p>&nbsp;<\/p>\n<p><script src=\"chrome-extension:\/\/bincmiainjofjnhchmcalkanjebghoen\/aiscripts\/script-main.js\"><\/script>[\/vc_column_text][\/vc_tta_section][vc_tta_section title=&#8220;\u010cTVRTEK 16:00 s P\u00e1jou (Bungee Fit) &#8211; Mod\u0159any&#8220; tab_id=&#8220;1772621398279-7fdf7bc6-7c76&#8243;][vc_column_text]Start: 9. 4. 2026<\/p>\n<p>Po\u010det lekc\u00ed: 12<\/p>\n<p>Cena: 3840 K\u010d<\/p>\n<p>Voln\u00fdch m\u00edst: 5[vc_row][vc_column width=&#8220;1\/1&#8243;][vc_column_text][\/vc_column_text][\/vc_tta_section][vc_tta_section title=&#8220;\u010cTVRTEK 19:15 s Terkou (bungee workout)  &#8211; Mod\u0159any&#8220; tab_id=&#8220;1772564943626-fed1d10e-bca8&#8243;][vc_column_text]Start: 9. 4. 2026<\/p>\n<p>Po\u010det lekc\u00ed: 12<\/p>\n<p>Cena: 3840 K\u010d<\/p>\n<p>Voln\u00fdch m\u00edst: 1[vc_row][vc_column width=&#8220;1\/1&#8243;][vc_column_text]\n<p>&nbsp;<\/p>\n<p>&nbsp;<\/p>\n<p><script src=\"chrome-extension:\/\/bincmiainjofjnhchmcalkanjebghoen\/aiscripts\/script-main.js\"><\/script>[\/vc_column_text][\/vc_tta_section][vc_tta_section title=&#8220;\u010cTVRTEK 19:00 s Danou (Bungee easy) &#8211; Karlovo n\u00e1m\u011bst\u00ed&#8220; tab_id=&#8220;1770121055259-dd49c2bd-0e8e&#8220;][vc_column_text]Start: 2. 4. 2026<\/p>\n<p>Po\u010det lekc\u00ed: 13<\/p>\n<p>Cena: 4160 K\u010d<\/p>\n<p>Voln\u00fdch m\u00edst: 4[vc_row][vc_column width=&#8220;1\/1&#8243;][vc_column_text]\n<p>&nbsp;[\/vc_column_text][\/vc_tta_section][vc_tta_section title=&#8220;P\u00e1tek 15:00 s LIBU\u0160KOU (Bungee easy) &#8211; Karlovo n\u00e1m\u011bst\u00ed&#8220; tab_id=&#8220;1771158758560-e1b2f14a-030d&#8220;][vc_column_text]Start: 10. 4. 2026<\/p>\n<p>Po\u010det lekc\u00ed: 10 (1. a 8. kv\u011btna lekce nejsou)<\/p>\n<p>Cena: 3200 K\u010d<\/p>\n<p>Voln\u00fdch m\u00edst: 4[vc_row][vc_column width=&#8220;1\/1&#8243;][vc_column_text]\n<p>&nbsp;<\/p>\n<p>&nbsp;<\/p>\n<p><script src=\"chrome-extension:\/\/bincmiainjofjnhchmcalkanjebghoen\/aiscripts\/script-main.js\"><\/script>[\/vc_column_text][\/vc_tta_section][vc_tta_section title=&#8220;P\u00e1tek 16:30 s LIBU\u0160KOU (Bungee workout) &#8211; Karlovo n\u00e1m\u011bst\u00ed&#8220; tab_id=&#8220;1774538354413-acec8928-9f4f&#8220;][vc_column_text]Start: 10. 4. 2026<\/p>\n<p>Po\u010det lekc\u00ed: 10 (1. a 8. kv\u011btna lekce nejsou)<\/p>\n<p>Cena: 3200 K\u010d<\/p>\n<p>Voln\u00fdch m\u00edst: 5[vc_row][vc_column width=&#8220;1\/1&#8243;][vc_column_text]\n<p>&nbsp;<\/p>\n<p>&nbsp;<\/p>\n<p><script src=\"chrome-extension:\/\/bincmiainjofjnhchmcalkanjebghoen\/aiscripts\/script-main.js\"><\/script>[\/vc_column_text][\/vc_tta_section][\/vc_tta_accordion]<h3 class=\"ttbase-heading ttbase-heading-none text-align-left \" ><span>M\u00edrn\u011b pokro\u010dil\u00ed<\/span><\/h3>[vc_tta_accordion c_icon=&#8220;triangle&#8220; active_section=&#8220;1&#8243; collapsible_all=&#8220;true&#8220;][vc_tta_section title=&#8220;\u00daTER\u00dd 17:45 S TERKOU (Bungee wokrout) &#8211; Karlovo n\u00e1m\u011bst\u00ed&#8220; tab_id=&#8220;1770121749568-533bedad-bf37&#8243;][vc_column_text]Start: 7. 4. 2026<\/p>\n<p>Po\u010det lekc\u00ed: 13<\/p>\n<p>Cena: 4160 K\u010d<\/p>\n<p>Voln\u00fdch m\u00edst: 0[\/vc_column_text][\/vc_tta_section][vc_tta_section title=&#8220;\u010dtvrtek 18:00 s Andy (Bungee Easy) &#8211; Ko\u0161\u00ed\u0159e&#8220; tab_id=&#8220;1772440569900-ce50cbae-36c8&#8243;][vc_column_text]Start: 2. 4. 2026<\/p>\n<p>Po\u010det lekc\u00ed: 13<\/p>\n<p>Cena: 4160 K\u010d<\/p>\n<p>Voln\u00fdch m\u00edst: 2[\/vc_column_text][\/vc_tta_section][vc_tta_section title=&#8220;\u010cTVRTEK 17:45 S DANOU (BUNGEE EASY) &#8211; Karlovo n\u00e1m\u011bst\u00ed&#8220; tab_id=&#8220;1772440365237-de7b43a5-d8cb&#8220;][vc_column_text]Start: 2. 4. 2026<\/p>\n<p>Po\u010det lekc\u00ed: 13<\/p>\n<p>Cena: 4160 K\u010d<\/p>\n<p>Voln\u00fdch m\u00edst: 3[\/vc_column_text][\/vc_tta_section][\/vc_tta_accordion]<h3 class=\"ttbase-heading ttbase-heading-none text-align-left \" ><span>Pokro\u010dil\u00ed<\/span><\/h3>[\/vc_column][\/vc_row][vc_row][vc_column][vc_tta_accordion c_icon=&#8220;triangle&#8220; active_section=&#8220;154544&#8243; collapsible_all=&#8220;true&#8220;][vc_tta_section title=&#8220;Pond\u011bl\u00ed 17:45 s Honzou\/Andy (bungee workout) &#8211; karlovo n\u00e1m\u011bst\u00ed&#8220; tab_id=&#8220;1766445774829-51375496-89a0&#8243;][vc_column_text]Start: 13. 4. 2026<\/p>\n<p>Po\u010det lekc\u00ed: 12<\/p>\n<p>Cena: 3840 K\u010d<\/p>\n<p>Voln\u00fdch m\u00edst: 2[vc_row][vc_column width=&#8220;1\/1&#8243;][vc_column_text]\n<p><script src=\"chrome-extension:\/\/bincmiainjofjnhchmcalkanjebghoen\/aiscripts\/script-main.js\"><\/script>[\/vc_column_text][\/vc_tta_section][vc_tta_section title=&#8220;\u00daTER\u00dd 16:30 S TERKOU (bungee workout) &#8211; Karlovo n\u00e1m\u011bst\u00ed&#8220; tab_id=&#8220;1755103371312-a4aed406-798e&#8220;][vc_column_text]Start: 7. 4. 2026<\/p>\n<p>Po\u010det lekc\u00ed: 13<\/p>\n<p>Cena: 4160 K\u010d<\/p>\n<p>Voln\u00fdch m\u00edst: 3[vc_row][vc_column width=&#8220;1\/1&#8243;][vc_column_text]\n<p><script src=\"chrome-extension:\/\/bincmiainjofjnhchmcalkanjebghoen\/aiscripts\/script-main.js\"><\/script>[\/vc_column_text][\/vc_tta_section][vc_tta_section title=&#8220;St\u0159eda 17:45 s Jirkou (bungee workout) &#8211; Karlovo n\u00e1m\u011bst\u00ed&#8220; tab_id=&#8220;1771158236381-f9658471-aadd&#8220;][vc_column_text]Start: 1. 4. 2026<\/p>\n<p>Po\u010det lekc\u00ed: 13<\/p>\n<p>Cena: 4160 K\u010d<\/p>\n<p>Voln\u00fdch m\u00edst: 2[vc_row][vc_column width=&#8220;1\/1&#8243;][vc_column_text]\n<p><script src=\"chrome-extension:\/\/bincmiainjofjnhchmcalkanjebghoen\/aiscripts\/script-main.js\"><\/script>[\/vc_column_text][\/vc_tta_section][vc_tta_section title=&#8220;St\u0159eda 19:00 s Jirkou (bungee workout) &#8211; Karlovo n\u00e1m\u011bst\u00ed&#8220; tab_id=&#8220;1753082767351-e4b2eb5c-3238&#8243;][vc_column_text]Start: 1. 4. 2026<\/p>\n<p>Po\u010det lekc\u00ed: 13<\/p>\n<p>Cena: 4160 K\u010d<\/p>\n<p>Voln\u00fdch m\u00edst: 0[vc_row][vc_column width=&#8220;1\/1&#8243;][vc_column_text]\n<p>&nbsp;[\/vc_column_text][\/vc_tta_section][\/vc_tta_accordion][vc_text_separator title=&#8220;P\u0159ihl\u00e1\u0161en\u00ed a platba&#8220; title_align=&#8220;separator_align_left&#8220;][\/vc_column][\/vc_row][vc_row][vc_column][vc_widget_sidebar][vc_column_text]P\u0159ihl\u00e1\u0161en\u00ed je mo\u017en\u00e9 p\u0159es tla\u010d\u00edtko n\u00ed\u017ee nebo p\u0159es e-mail <a href=\"mailto:info@bungeeworkout.cz?subject=P\u0159ihl\u00e1\u0161en\u00ed na kurz - den, \u010das\">info@bungeeworkout.cz<\/a>.<\/p>\n<p>Platbu za kurz je mo\u017en\u00e9 rozd\u011blit i do v\u00edce spl\u00e1tek (podle toho, jak je kurz dlouh\u00fd). \u010c\u00e1stku je mo\u017en\u00e9 tak\u00e9 uhradit r\u016fzn\u00fdmi benefity (Pluxee, Edenred, Benefit plus, Benefit Up) V tom p\u0159\u00edpad\u011b n\u00e1m tuto informaci tak\u00e9 pros\u00edm napi\u0161te.<\/p>\n<p><strong><span style=\"color: #339966;\">Pokud kurz u\u017e za\u010dal a nestihli jste se p\u0159ihl\u00e1sit, nezoufejte. St\u00e1le je mo\u017en\u00e9 se do kurzu zapsat, pokud p\u0159edt\u00edm absolvujete alespo\u0148 jednu otev\u0159enou lekci pro za\u010d\u00e1te\u010dn\u00edky.<\/span><\/strong>[\/vc_column_text]<div class=\"button-center-wrapper text-center\"><a href=\"\/?page_id=9242&#038;lang=cs\" class=\"btn btn-primary\" target=\"_self\" title=\"P\u0159ihl\u00e1sit se na kurz\" rel=\"\"><span class=\"ttbase-button-inner\">P\u0159ihl\u00e1sit se na kurz<\/span><\/a><\/div>[\/vc_column][\/vc_row][vc_row][vc_column][vc_column_text]\n<p><script src=\"chrome-extension:\/\/bincmiainjofjnhchmcalkanjebghoen\/aiscripts\/script-main.js\"><\/script>[\/vc_column_text][\/vc_column][\/vc_row]\n","protected":false},"excerpt":{"rendered":"<p>[vc_row][vc_column width=&#8220;1\/4&#8243;][vc_single_image image=&#8220;5849&#8243; img_size=&#8220;medium&#8220;][\/vc_column][vc_column width=&#8220;3\/4&#8243;][vc_column_text]Pokud t\u011b Bungee bav\u00ed tolik, \u017ee bys cht\u011bl\/a cvi\u010dit pravideln\u011b a st\u00e1le se u\u010dit nov\u00e9 a nov\u00e9 cviky, rozhodn\u011b se zapi\u0161 do n\u011bkter\u00e9ho z na\u0161ich uzav\u0159en\u00fdch kurz\u016f. Na rozd\u00edl od otev\u0159en\u00fdch lekc\u00ed, na kter\u00fdch se st\u00e1le dokola u\u010d\u00ed \u00fapln\u00e9 z\u00e1klady, na sebe lekce kurzu navazuj\u00ed. Ka\u017ed\u00fd t\u00fdden prob\u00edh\u00e1 lekce se stejn\u00fdm&#8230;<\/p>\n<div class=\"read-more-link-wrapper\"><a class=\"read-more-link\" href=\"https:\/\/bungeeworkout.cz\/?page_id=7831&#038;lang=cs\">\u010c\u00edst v\u00edce<i class=\"icon-next\"><\/i><\/a><\/div>\n","protected":false},"author":8,"featured_media":0,"parent":0,"menu_order":0,"comment_status":"closed","ping_status":"closed","template":"","meta":{"footnotes":""},"class_list":["post-7831","page","type-page","status-publish","hentry"],"_links":{"self":[{"href":"https:\/\/bungeeworkout.cz\/index.php?rest_route=\/wp\/v2\/pages\/7831"}],"collection":[{"href":"https:\/\/bungeeworkout.cz\/index.php?rest_route=\/wp\/v2\/pages"}],"about":[{"href":"https:\/\/bungeeworkout.cz\/index.php?rest_route=\/wp\/v2\/types\/page"}],"author":[{"embeddable":true,"href":"https:\/\/bungeeworkout.cz\/index.php?rest_route=\/wp\/v2\/users\/8"}],"replies":[{"embeddable":true,"href":"https:\/\/bungeeworkout.cz\/index.php?rest_route=%2Fwp%2Fv2%2Fcomments&post=7831"}],"version-history":[{"count":102,"href":"https:\/\/bungeeworkout.cz\/index.php?rest_route=\/wp\/v2\/pages\/7831\/revisions"}],"predecessor-version":[{"id":9769,"href":"https:\/\/bungeeworkout.cz\/index.php?rest_route=\/wp\/v2\/pages\/7831\/revisions\/9769"}],"wp:attachment":[{"href":"https:\/\/bungeeworkout.cz\/index.php?rest_route=%2Fwp%2Fv2%2Fmedia&parent=7831"}],"curies":[{"name":"wp","href":"https:\/\/api.w.org\/{rel}","templated":true}]}}